{"id":3307,"date":"2026-02-09T09:11:40","date_gmt":"2026-02-09T09:11:40","guid":{"rendered":"https:\/\/www.pissti.com\/?page_id=3307"},"modified":"2026-02-09T09:12:21","modified_gmt":"2026-02-09T09:12:21","slug":"404-page","status":"publish","type":"page","link":"https:\/\/www.pissti.com\/en\/404-page\/","title":{"rendered":"404 Pange"},"content":{"rendered":"<div data-elementor-type=\"wp-page\" data-elementor-id=\"3307\" class=\"elementor elementor-3307\" data-elementor-settings=\"{&quot;ha_cmc_init_switcher&quot;:&quot;no&quot;}\" data-elementor-post-type=\"page\">\n\t\t\t\t\t\t<section class=\"elementor-section elementor-top-section elementor-element elementor-element-3e247599 elementor-section-height-min-height elementor-section-boxed elementor-section-height-default elementor-section-items-middle\" data-id=\"3e247599\" data-element_type=\"section\" data-e-type=\"section\" data-settings=\"{&quot;background_background&quot;:&quot;classic&quot;,&quot;_ha_eqh_enable&quot;:false}\">\n\t\t\t\t\t\t\t<div class=\"elementor-background-overlay\"><\/div>\n\t\t\t\t\t\t\t<div class=\"elementor-container elementor-column-gap-no\">\n\t\t\t\t\t<div class=\"elementor-column elementor-col-100 elementor-top-column elementor-element elementor-element-7be476f6\" data-id=\"7be476f6\" data-element_type=\"column\" data-e-type=\"column\" data-settings=\"{&quot;background_background&quot;:&quot;classic&quot;}\">\n\t\t\t<div class=\"elementor-widget-wrap elementor-element-populated\">\n\t\t\t\t\t\t<div class=\"elementor-element elementor-element-3cee2608 elementor-invisible elementor-widget elementor-widget-heading\" data-id=\"3cee2608\" data-element_type=\"widget\" data-e-type=\"widget\" data-settings=\"{&quot;_animation_delay&quot;:200,&quot;_animation&quot;:&quot;fadeIn&quot;}\" data-widget_type=\"heading.default\">\n\t\t\t\t\t<h1 class=\"elementor-heading-title elementor-size-default\">404<\/h1>\t\t\t\t<\/div>\n\t\t\t\t<div class=\"elementor-element elementor-element-19ba69b1 elementor-invisible elementor-widget elementor-widget-heading\" data-id=\"19ba69b1\" data-element_type=\"widget\" data-e-type=\"widget\" data-settings=\"{&quot;_animation&quot;:&quot;fadeInUp&quot;,&quot;_animation_delay&quot;:200}\" data-widget_type=\"heading.default\">\n\t\t\t\t\t<h2 class=\"elementor-heading-title elementor-size-default\">Oops! Arad\u0131\u011f\u0131n\u0131z sayfaya ula\u015f\u0131lam\u0131yor.<\/h2>\t\t\t\t<\/div>\n\t\t\t\t<section class=\"elementor-section elementor-inner-section elementor-element elementor-element-3b8cd3d5 elementor-section-boxed elementor-section-height-default elementor-section-height-default\" data-id=\"3b8cd3d5\" data-element_type=\"section\" data-e-type=\"section\" data-settings=\"{&quot;_ha_eqh_enable&quot;:false}\">\n\t\t\t\t\t\t<div class=\"elementor-container elementor-column-gap-default\">\n\t\t\t\t\t<div class=\"elementor-column elementor-col-100 elementor-inner-column elementor-element elementor-element-15374afe\" data-id=\"15374afe\" data-element_type=\"column\" data-e-type=\"column\">\n\t\t\t<div class=\"elementor-widget-wrap elementor-element-populated\">\n\t\t\t\t\t\t<div class=\"elementor-element elementor-element-18ad4ee elementor-invisible elementor-widget elementor-widget-text-editor\" data-id=\"18ad4ee\" data-element_type=\"widget\" data-e-type=\"widget\" data-settings=\"{&quot;_animation&quot;:&quot;fadeInUp&quot;,&quot;_animation_delay&quot;:400}\" data-widget_type=\"text-editor.default\">\n\t\t\t\t\t\t\t\t\t<p>Arad\u0131\u011f\u0131n\u0131z sayfa ta\u015f\u0131nm\u0131\u015f, kald\u0131r\u0131lm\u0131\u015f ya da adresi yanl\u0131\u015f yaz\u0131lm\u0131\u015f olabilir.<br \/>Dilersen anasayfaya d\u00f6n\u00fcp men\u00fcm\u00fcze g\u00f6z atabilir veya rezervasyon i\u00e7in bizi arayabilirsin.<\/p>\t\t\t\t\t\t\t\t<\/div>\n\t\t\t\t\t<\/div>\n\t\t<\/div>\n\t\t\t\t\t<\/div>\n\t\t<\/section>\n\t\t\t\t<div class=\"elementor-element elementor-element-4c4b24ff elementor-align-center elementor-mobile-align-center elementor-invisible elementor-widget elementor-widget-button\" data-id=\"4c4b24ff\" data-element_type=\"widget\" data-e-type=\"widget\" data-settings=\"{&quot;_animation&quot;:&quot;fadeInUp&quot;,&quot;_animation_delay&quot;:600}\" data-widget_type=\"button.default\">\n\t\t\t\t\t\t\t\t\t\t<a class=\"elementor-button elementor-button-link elementor-size-sm elementor-animation-grow\" href=\"https:\/\/www.pissti.com\/en\/ana-sayfa\/\">\n\t\t\t\t\t\t<span class=\"elementor-button-content-wrapper\">\n\t\t\t\t\t\t\t\t\t<span class=\"elementor-button-text\">Anasayfaya d\u00f6n<\/span>\n\t\t\t\t\t<\/span>\n\t\t\t\t\t<\/a>\n\t\t\t\t\t\t\t\t<\/div>\n\t\t\t\t\t<\/div>\n\t\t<\/div>\n\t\t\t\t\t<\/div>\n\t\t<\/section>\n\t\t\t\t<\/div>","protected":false},"excerpt":{"rendered":"<p>404 Oops! Arad\u0131\u011f\u0131n\u0131z sayfaya ula\u015f\u0131lam\u0131yor. Arad\u0131\u011f\u0131n\u0131z sayfa ta\u015f\u0131nm\u0131\u015f, kald\u0131r\u0131lm\u0131\u015f ya da adresi yanl\u0131\u015f yaz\u0131lm\u0131\u015f olabilir.Dilersen anasayfaya d\u00f6n\u00fcp men\u00fcm\u00fcze g\u00f6z atabilir veya rezervasyon i\u00e7in bizi arayabilirsin. Anasayfaya d\u00f6n<\/p>","protected":false},"author":1,"featured_media":0,"parent":0,"menu_order":0,"comment_status":"closed","ping_status":"closed","template":"elementor_canvas","meta":{"footnotes":""},"class_list":["post-3307","page","type-page","status-publish","hentry"],"_links":{"self":[{"href":"https:\/\/www.pissti.com\/en\/wp-json\/wp\/v2\/pages\/3307","targetHints":{"allow":["GET"]}}],"collection":[{"href":"https:\/\/www.pissti.com\/en\/wp-json\/wp\/v2\/pages"}],"about":[{"href":"https:\/\/www.pissti.com\/en\/wp-json\/wp\/v2\/types\/page"}],"author":[{"embeddable":true,"href":"https:\/\/www.pissti.com\/en\/wp-json\/wp\/v2\/users\/1"}],"replies":[{"embeddable":true,"href":"https:\/\/www.pissti.com\/en\/wp-json\/wp\/v2\/comments?post=3307"}],"version-history":[{"count":5,"href":"https:\/\/www.pissti.com\/en\/wp-json\/wp\/v2\/pages\/3307\/revisions"}],"predecessor-version":[{"id":3312,"href":"https:\/\/www.pissti.com\/en\/wp-json\/wp\/v2\/pages\/3307\/revisions\/3312"}],"wp:attachment":[{"href":"https:\/\/www.pissti.com\/en\/wp-json\/wp\/v2\/media?parent=3307"}],"curies":[{"name":"wp","href":"https:\/\/api.w.org\/{rel}","templated":true}]}}